{"id":997,"date":"2022-03-23T20:48:38","date_gmt":"2022-03-23T18:48:38","guid":{"rendered":"https:\/\/loovfelt.com\/?page_id=997"},"modified":"2023-12-11T22:08:30","modified_gmt":"2023-12-11T20:08:30","slug":"esileht","status":"publish","type":"page","link":"https:\/\/loovfelt.com\/en\/","title":{"rendered":"Loovfelt wool products"},"content":{"rendered":"<div data-elementor-type=\"wp-page\" data-elementor-id=\"997\" class=\"elementor elementor-997\">\n\t\t\t\t\t\t<section class=\"elementor-section elementor-top-section elementor-element elementor-element-bc12b5a elementor-section-boxed elementor-section-height-default elementor-section-height-default\" data-id=\"bc12b5a\" data-element_type=\"section\" data-e-type=\"section\">\n\t\t\t\t\t\t<div class=\"elementor-container elementor-column-gap-default\">\n\t\t\t\t\t<div class=\"elementor-column elementor-col-100 elementor-top-column elementor-element elementor-element-e02126d\" data-id=\"e02126d\" data-element_type=\"column\" data-e-type=\"column\">\n\t\t\t<div class=\"elementor-widget-wrap elementor-element-populated\">\n\t\t\t\t\t\t<div class=\"elementor-element elementor-element-d07b4f1 elementor-widget elementor-widget-text-editor\" data-id=\"d07b4f1\" data-element_type=\"widget\" data-e-type=\"widget\" data-widget_type=\"text-editor.default\">\n\t\t\t\t<div class=\"elementor-widget-container\">\n\t\t\t\t\t\t\t\t\t<p>Whether it's a tea cosy, plaid, cushion or chair cover, if it's made from sheep's wool, it's natural and warm. A pot of coffee or tea stays hot for a long time. Under a blanket, you feel warm in a cool room or on a chilly summer evening. Wool lets your skin breathe and doesn't absorb moisture like cotton. Wool feels like a soft cuddle!<\/p>\t\t\t\t\t\t\t\t<\/div>\n\t\t\t\t<\/div>\n\t\t\t\t\t<\/div>\n\t\t<\/div>\n\t\t\t\t\t<\/div>\n\t\t<\/section>\n\t\t\t\t<\/div>","protected":false},"excerpt":{"rendered":"<p>Whether it's a tea cosy, plaid, cushion or chair cover, if it's made from sheep's wool, it's natural and warm. A pot of coffee or tea stays hot for a long time. Under a blanket, you feel warm in a cool room or on a chilly summer evening. Wool lets your skin breathe and doesn't absorb moisture like cotton. Wool feels like a soft cuddle!<\/p>","protected":false},"author":1,"featured_media":0,"parent":0,"menu_order":0,"comment_status":"closed","ping_status":"closed","template":"","meta":{"footnotes":""},"class_list":["post-997","page","type-page","status-publish","hentry"],"yoast_head":"<!-- This site is optimized with the Yoast SEO plugin v27.4 - https:\/\/yoast.com\/product\/yoast-seo-wordpress\/ -->\n<title>Loovfelt villatooted - Loovfelt<\/title>\n<meta name=\"robots\" content=\"index, follow, max-snippet:-1, max-image-preview:large, max-video-preview:-1\" \/>\n<link rel=\"canonical\" href=\"https:\/\/loovfelt.com\/en\/\" \/>\n<meta property=\"og:locale\" content=\"en_GB\" \/>\n<meta property=\"og:type\" content=\"article\" \/>\n<meta property=\"og:title\" content=\"Loovfelt villatooted - Loovfelt\" \/>\n<meta property=\"og:description\" content=\"Olgu kannum\u00fcts, pleed, padi v\u00f5i toolikate \u2013 kui see on lambavillast, siis see on loomulik ja soe. Kohvi- v\u00f5i teekann p\u00fcsib kuum t\u00fckk aega. Pleedi all on soe nii jahedas toas kui k\u00fclmal suve\u00f5htul. Vill laseb nahal hingata ega kogu niiskust endasse nagu puuvill. Vill m\u00f5jub kui pehme pai.\" \/>\n<meta property=\"og:url\" content=\"https:\/\/loovfelt.com\/en\/\" \/>\n<meta property=\"og:site_name\" content=\"Loovfelt\" \/>\n<meta property=\"article:modified_time\" content=\"2023-12-11T20:08:30+00:00\" \/>\n<meta name=\"twitter:card\" content=\"summary_large_image\" \/>\n<meta name=\"twitter:label1\" content=\"Estimated reading time\" \/>\n\t<meta name=\"twitter:data1\" content=\"1 minute\" \/>\n<script type=\"application\/ld+json\" class=\"yoast-schema-graph\">{\"@context\":\"https:\\\/\\\/schema.org\",\"@graph\":[{\"@type\":\"WebPage\",\"@id\":\"https:\\\/\\\/loovfelt.com\\\/\",\"url\":\"https:\\\/\\\/loovfelt.com\\\/\",\"name\":\"Loovfelt villatooted - Loovfelt\",\"isPartOf\":{\"@id\":\"https:\\\/\\\/loovfelt.com\\\/#website\"},\"datePublished\":\"2022-03-23T18:48:38+00:00\",\"dateModified\":\"2023-12-11T20:08:30+00:00\",\"breadcrumb\":{\"@id\":\"https:\\\/\\\/loovfelt.com\\\/#breadcrumb\"},\"inLanguage\":\"en-GB\",\"potentialAction\":[{\"@type\":\"ReadAction\",\"target\":[\"https:\\\/\\\/loovfelt.com\\\/\"]}]},{\"@type\":\"BreadcrumbList\",\"@id\":\"https:\\\/\\\/loovfelt.com\\\/#breadcrumb\",\"itemListElement\":[{\"@type\":\"ListItem\",\"position\":1,\"name\":\"Home\",\"item\":\"https:\\\/\\\/loovfelt.com\\\/\"},{\"@type\":\"ListItem\",\"position\":2,\"name\":\"Loovfelt villatooted\"}]},{\"@type\":\"WebSite\",\"@id\":\"https:\\\/\\\/loovfelt.com\\\/#website\",\"url\":\"https:\\\/\\\/loovfelt.com\\\/\",\"name\":\"Loovfelt\",\"description\":\"Lambavillast k\u00e4sit\u00f6\u00f6tooted\",\"publisher\":{\"@id\":\"https:\\\/\\\/loovfelt.com\\\/#organization\"},\"potentialAction\":[{\"@type\":\"SearchAction\",\"target\":{\"@type\":\"EntryPoint\",\"urlTemplate\":\"https:\\\/\\\/loovfelt.com\\\/?s={search_term_string}\"},\"query-input\":{\"@type\":\"PropertyValueSpecification\",\"valueRequired\":true,\"valueName\":\"search_term_string\"}}],\"inLanguage\":\"en-GB\"},{\"@type\":\"Organization\",\"@id\":\"https:\\\/\\\/loovfelt.com\\\/#organization\",\"name\":\"Loovup\",\"url\":\"https:\\\/\\\/loovfelt.com\\\/\",\"logo\":{\"@type\":\"ImageObject\",\"inLanguage\":\"en-GB\",\"@id\":\"https:\\\/\\\/loovfelt.com\\\/#\\\/schema\\\/logo\\\/image\\\/\",\"url\":\"https:\\\/\\\/loovfelt.com\\\/wp-content\\\/uploads\\\/2022\\\/03\\\/Loovup-pehme-taust-2.png\",\"contentUrl\":\"https:\\\/\\\/loovfelt.com\\\/wp-content\\\/uploads\\\/2022\\\/03\\\/Loovup-pehme-taust-2.png\",\"width\":1921,\"height\":1416,\"caption\":\"Loovup\"},\"image\":{\"@id\":\"https:\\\/\\\/loovfelt.com\\\/#\\\/schema\\\/logo\\\/image\\\/\"}}]}<\/script>\n<!-- \/ Yoast SEO plugin. -->","yoast_head_json":{"title":"Loovfelt villatooted - Loovfelt","robots":{"index":"index","follow":"follow","max-snippet":"max-snippet:-1","max-image-preview":"max-image-preview:large","max-video-preview":"max-video-preview:-1"},"canonical":"https:\/\/loovfelt.com\/en\/","og_locale":"en_GB","og_type":"article","og_title":"Loovfelt villatooted - Loovfelt","og_description":"Olgu kannum\u00fcts, pleed, padi v\u00f5i toolikate \u2013 kui see on lambavillast, siis see on loomulik ja soe. Kohvi- v\u00f5i teekann p\u00fcsib kuum t\u00fckk aega. Pleedi all on soe nii jahedas toas kui k\u00fclmal suve\u00f5htul. Vill laseb nahal hingata ega kogu niiskust endasse nagu puuvill. Vill m\u00f5jub kui pehme pai.","og_url":"https:\/\/loovfelt.com\/en\/","og_site_name":"Loovfelt","article_modified_time":"2023-12-11T20:08:30+00:00","twitter_card":"summary_large_image","twitter_misc":{"Estimated reading time":"1 minute"},"schema":{"@context":"https:\/\/schema.org","@graph":[{"@type":"WebPage","@id":"https:\/\/loovfelt.com\/","url":"https:\/\/loovfelt.com\/","name":"Loovfelt villatooted - Loovfelt","isPartOf":{"@id":"https:\/\/loovfelt.com\/#website"},"datePublished":"2022-03-23T18:48:38+00:00","dateModified":"2023-12-11T20:08:30+00:00","breadcrumb":{"@id":"https:\/\/loovfelt.com\/#breadcrumb"},"inLanguage":"en-GB","potentialAction":[{"@type":"ReadAction","target":["https:\/\/loovfelt.com\/"]}]},{"@type":"BreadcrumbList","@id":"https:\/\/loovfelt.com\/#breadcrumb","itemListElement":[{"@type":"ListItem","position":1,"name":"Home","item":"https:\/\/loovfelt.com\/"},{"@type":"ListItem","position":2,"name":"Loovfelt villatooted"}]},{"@type":"WebSite","@id":"https:\/\/loovfelt.com\/#website","url":"https:\/\/loovfelt.com\/","name":"Loovfelt","description":"Hand-felted home textiles","publisher":{"@id":"https:\/\/loovfelt.com\/#organization"},"potentialAction":[{"@type":"SearchAction","target":{"@type":"EntryPoint","urlTemplate":"https:\/\/loovfelt.com\/?s={search_term_string}"},"query-input":{"@type":"PropertyValueSpecification","valueRequired":true,"valueName":"search_term_string"}}],"inLanguage":"en-GB"},{"@type":"Organization","@id":"https:\/\/loovfelt.com\/#organization","name":"Loovup","url":"https:\/\/loovfelt.com\/","logo":{"@type":"ImageObject","inLanguage":"en-GB","@id":"https:\/\/loovfelt.com\/#\/schema\/logo\/image\/","url":"https:\/\/loovfelt.com\/wp-content\/uploads\/2022\/03\/Loovup-pehme-taust-2.png","contentUrl":"https:\/\/loovfelt.com\/wp-content\/uploads\/2022\/03\/Loovup-pehme-taust-2.png","width":1921,"height":1416,"caption":"Loovup"},"image":{"@id":"https:\/\/loovfelt.com\/#\/schema\/logo\/image\/"}}]}},"_links":{"self":[{"href":"https:\/\/loovfelt.com\/en\/wp-json\/wp\/v2\/pages\/997","targetHints":{"allow":["GET"]}}],"collection":[{"href":"https:\/\/loovfelt.com\/en\/wp-json\/wp\/v2\/pages"}],"about":[{"href":"https:\/\/loovfelt.com\/en\/wp-json\/wp\/v2\/types\/page"}],"author":[{"embeddable":true,"href":"https:\/\/loovfelt.com\/en\/wp-json\/wp\/v2\/users\/1"}],"replies":[{"embeddable":true,"href":"https:\/\/loovfelt.com\/en\/wp-json\/wp\/v2\/comments?post=997"}],"version-history":[{"count":5,"href":"https:\/\/loovfelt.com\/en\/wp-json\/wp\/v2\/pages\/997\/revisions"}],"predecessor-version":[{"id":1111,"href":"https:\/\/loovfelt.com\/en\/wp-json\/wp\/v2\/pages\/997\/revisions\/1111"}],"wp:attachment":[{"href":"https:\/\/loovfelt.com\/en\/wp-json\/wp\/v2\/media?parent=997"}],"curies":[{"name":"wp","href":"https:\/\/api.w.org\/{rel}","templated":true}]}}