{"id":969,"date":"2022-03-21T14:19:09","date_gmt":"2022-03-21T12:19:09","guid":{"rendered":"https:\/\/loovfelt.com\/?page_id=969"},"modified":"2022-08-21T21:46:23","modified_gmt":"2022-08-21T18:46:23","slug":"meist","status":"publish","type":"page","link":"https:\/\/loovfelt.com\/en\/meist\/","title":{"rendered":"About us"},"content":{"rendered":"<div data-elementor-type=\"wp-page\" data-elementor-id=\"969\" class=\"elementor elementor-969\">\n\t\t\t\t\t\t<section class=\"elementor-section elementor-top-section elementor-element elementor-element-5bbb932b elementor-section-boxed elementor-section-height-default elementor-section-height-default\" data-id=\"5bbb932b\" data-element_type=\"section\" data-e-type=\"section\">\n\t\t\t\t\t\t<div class=\"elementor-container elementor-column-gap-default\">\n\t\t\t\t\t<div class=\"elementor-column elementor-col-100 elementor-top-column elementor-element elementor-element-900f26c\" data-id=\"900f26c\" data-element_type=\"column\" data-e-type=\"column\">\n\t\t\t<div class=\"elementor-widget-wrap elementor-element-populated\">\n\t\t\t\t\t\t<div class=\"elementor-element elementor-element-49f856d8 elementor-widget elementor-widget-text-editor\" data-id=\"49f856d8\" data-element_type=\"widget\" data-e-type=\"widget\" data-widget_type=\"text-editor.default\">\n\t\t\t\t<div class=\"elementor-widget-container\">\n\t\t\t\t\t\t\t\t\t\n<p>We are located on the southern shore of the Gulf of Finland. An ancient wealth of flora and fauna has been preserved in a naturally beautiful place. We greatly value our living environment, so we only use natural materials in our work. Our favourite material is sheep's wool.<\/p>\n\n\n\n<p>Our keywords are pure nature and love!<\/p>\n\t\t\t\t\t\t\t\t<\/div>\n\t\t\t\t<\/div>\n\t\t\t\t<div class=\"elementor-element elementor-element-4cf275b elementor-widget elementor-widget-image\" data-id=\"4cf275b\" data-element_type=\"widget\" data-e-type=\"widget\" data-widget_type=\"image.default\">\n\t\t\t\t<div class=\"elementor-widget-container\">\n\t\t\t\t\t\t\t\t\t\t\t\t\t\t\t<img fetchpriority=\"high\" decoding=\"async\" width=\"525\" height=\"365\" src=\"https:\/\/loovfelt.com\/wp-content\/uploads\/2022\/08\/meist2.jpg\" class=\"attachment-large size-large wp-image-1115\" alt=\"Loovfelt t\u00f6\u00f6koda\" srcset=\"https:\/\/loovfelt.com\/wp-content\/uploads\/2022\/08\/meist2.jpg 1000w, https:\/\/loovfelt.com\/wp-content\/uploads\/2022\/08\/meist2-300x209.jpg 300w, https:\/\/loovfelt.com\/wp-content\/uploads\/2022\/08\/meist2-768x534.jpg 768w\" sizes=\"100vw\" \/>\t\t\t\t\t\t\t\t\t\t\t\t\t\t\t<\/div>\n\t\t\t\t<\/div>\n\t\t\t\t\t<\/div>\n\t\t<\/div>\n\t\t\t\t\t<\/div>\n\t\t<\/section>\n\t\t\t\t<\/div>","protected":false},"excerpt":{"rendered":"<p>Me asume Soome lahe l\u00f5unakaldal. Looduslikult kaunis kohas on s\u00e4ilinud \u00fcrgne taime- ja loomarikkus. Hindame v\u00e4ga oma elukeskkonda ja seep\u00e4rast kasutame t\u00f6\u00f6des ainult looduslikke materjale. Lemmikmaterjaliks on lambavill. Meie vill on p\u00e4rit v\u00e4ikesest farmist, kus igal loomal on oma nimi ja k\u00f5iki neid hooldatakse suure armastusega. Meie m\u00e4rks\u00f5nad: puhas loodus, armastus.<\/p>","protected":false},"author":1,"featured_media":0,"parent":0,"menu_order":0,"comment_status":"closed","ping_status":"closed","template":"","meta":{"footnotes":""},"class_list":["post-969","page","type-page","status-publish","hentry"],"yoast_head":"<!-- This site is optimized with the Yoast SEO plugin v27.4 - https:\/\/yoast.com\/product\/yoast-seo-wordpress\/ -->\n<title>Meist - Loovfelt<\/title>\n<meta name=\"robots\" content=\"index, follow, max-snippet:-1, max-image-preview:large, max-video-preview:-1\" \/>\n<link rel=\"canonical\" href=\"https:\/\/loovfelt.com\/en\/meist\/\" \/>\n<meta property=\"og:locale\" content=\"en_GB\" \/>\n<meta property=\"og:type\" content=\"article\" \/>\n<meta property=\"og:title\" content=\"Meist - Loovfelt\" \/>\n<meta property=\"og:description\" content=\"Me asume Soome lahe l\u00f5unakaldal. Looduslikult kaunis kohas on s\u00e4ilinud \u00fcrgne taime- ja loomarikkus. Hindame v\u00e4ga oma elukeskkonda ja seep\u00e4rast kasutame t\u00f6\u00f6des ainult looduslikke materjale. Lemmikmaterjaliks on lambavill. Meie vill on p\u00e4rit v\u00e4ikesest farmist, kus igal loomal on oma nimi ja k\u00f5iki neid hooldatakse suure armastusega. Meie m\u00e4rks\u00f5nad: puhas loodus, armastus.\" \/>\n<meta property=\"og:url\" content=\"https:\/\/loovfelt.com\/en\/meist\/\" \/>\n<meta property=\"og:site_name\" content=\"Loovfelt\" \/>\n<meta property=\"article:modified_time\" content=\"2022-08-21T18:46:23+00:00\" \/>\n<meta property=\"og:image\" content=\"https:\/\/loovfelt.com\/wp-content\/uploads\/2022\/08\/meist2.jpg\" \/>\n<meta name=\"twitter:card\" content=\"summary_large_image\" \/>\n<meta name=\"twitter:label1\" content=\"Estimated reading time\" \/>\n\t<meta name=\"twitter:data1\" content=\"1 minute\" \/>\n<script type=\"application\/ld+json\" class=\"yoast-schema-graph\">{\"@context\":\"https:\\\/\\\/schema.org\",\"@graph\":[{\"@type\":\"WebPage\",\"@id\":\"https:\\\/\\\/loovfelt.com\\\/meist\\\/\",\"url\":\"https:\\\/\\\/loovfelt.com\\\/meist\\\/\",\"name\":\"Meist - Loovfelt\",\"isPartOf\":{\"@id\":\"https:\\\/\\\/loovfelt.com\\\/#website\"},\"primaryImageOfPage\":{\"@id\":\"https:\\\/\\\/loovfelt.com\\\/meist\\\/#primaryimage\"},\"image\":{\"@id\":\"https:\\\/\\\/loovfelt.com\\\/meist\\\/#primaryimage\"},\"thumbnailUrl\":\"https:\\\/\\\/loovfelt.com\\\/wp-content\\\/uploads\\\/2022\\\/08\\\/meist2.jpg\",\"datePublished\":\"2022-03-21T12:19:09+00:00\",\"dateModified\":\"2022-08-21T18:46:23+00:00\",\"breadcrumb\":{\"@id\":\"https:\\\/\\\/loovfelt.com\\\/meist\\\/#breadcrumb\"},\"inLanguage\":\"en-GB\",\"potentialAction\":[{\"@type\":\"ReadAction\",\"target\":[\"https:\\\/\\\/loovfelt.com\\\/meist\\\/\"]}]},{\"@type\":\"ImageObject\",\"inLanguage\":\"en-GB\",\"@id\":\"https:\\\/\\\/loovfelt.com\\\/meist\\\/#primaryimage\",\"url\":\"https:\\\/\\\/loovfelt.com\\\/wp-content\\\/uploads\\\/2022\\\/08\\\/meist2.jpg\",\"contentUrl\":\"https:\\\/\\\/loovfelt.com\\\/wp-content\\\/uploads\\\/2022\\\/08\\\/meist2.jpg\"},{\"@type\":\"BreadcrumbList\",\"@id\":\"https:\\\/\\\/loovfelt.com\\\/meist\\\/#breadcrumb\",\"itemListElement\":[{\"@type\":\"ListItem\",\"position\":1,\"name\":\"Home\",\"item\":\"https:\\\/\\\/loovfelt.com\\\/\"},{\"@type\":\"ListItem\",\"position\":2,\"name\":\"Meist\"}]},{\"@type\":\"WebSite\",\"@id\":\"https:\\\/\\\/loovfelt.com\\\/#website\",\"url\":\"https:\\\/\\\/loovfelt.com\\\/\",\"name\":\"Loovfelt\",\"description\":\"Lambavillast k\u00e4sit\u00f6\u00f6tooted\",\"publisher\":{\"@id\":\"https:\\\/\\\/loovfelt.com\\\/#organization\"},\"potentialAction\":[{\"@type\":\"SearchAction\",\"target\":{\"@type\":\"EntryPoint\",\"urlTemplate\":\"https:\\\/\\\/loovfelt.com\\\/?s={search_term_string}\"},\"query-input\":{\"@type\":\"PropertyValueSpecification\",\"valueRequired\":true,\"valueName\":\"search_term_string\"}}],\"inLanguage\":\"en-GB\"},{\"@type\":\"Organization\",\"@id\":\"https:\\\/\\\/loovfelt.com\\\/#organization\",\"name\":\"Loovup\",\"url\":\"https:\\\/\\\/loovfelt.com\\\/\",\"logo\":{\"@type\":\"ImageObject\",\"inLanguage\":\"en-GB\",\"@id\":\"https:\\\/\\\/loovfelt.com\\\/#\\\/schema\\\/logo\\\/image\\\/\",\"url\":\"https:\\\/\\\/loovfelt.com\\\/wp-content\\\/uploads\\\/2022\\\/03\\\/Loovup-pehme-taust-2.png\",\"contentUrl\":\"https:\\\/\\\/loovfelt.com\\\/wp-content\\\/uploads\\\/2022\\\/03\\\/Loovup-pehme-taust-2.png\",\"width\":1921,\"height\":1416,\"caption\":\"Loovup\"},\"image\":{\"@id\":\"https:\\\/\\\/loovfelt.com\\\/#\\\/schema\\\/logo\\\/image\\\/\"}}]}<\/script>\n<!-- \/ Yoast SEO plugin. -->","yoast_head_json":{"title":"Meist - Loovfelt","robots":{"index":"index","follow":"follow","max-snippet":"max-snippet:-1","max-image-preview":"max-image-preview:large","max-video-preview":"max-video-preview:-1"},"canonical":"https:\/\/loovfelt.com\/en\/meist\/","og_locale":"en_GB","og_type":"article","og_title":"Meist - Loovfelt","og_description":"Me asume Soome lahe l\u00f5unakaldal. Looduslikult kaunis kohas on s\u00e4ilinud \u00fcrgne taime- ja loomarikkus. Hindame v\u00e4ga oma elukeskkonda ja seep\u00e4rast kasutame t\u00f6\u00f6des ainult looduslikke materjale. Lemmikmaterjaliks on lambavill. Meie vill on p\u00e4rit v\u00e4ikesest farmist, kus igal loomal on oma nimi ja k\u00f5iki neid hooldatakse suure armastusega. Meie m\u00e4rks\u00f5nad: puhas loodus, armastus.","og_url":"https:\/\/loovfelt.com\/en\/meist\/","og_site_name":"Loovfelt","article_modified_time":"2022-08-21T18:46:23+00:00","og_image":[{"url":"https:\/\/loovfelt.com\/wp-content\/uploads\/2022\/08\/meist2.jpg","type":"","width":"","height":""}],"twitter_card":"summary_large_image","twitter_misc":{"Estimated reading time":"1 minute"},"schema":{"@context":"https:\/\/schema.org","@graph":[{"@type":"WebPage","@id":"https:\/\/loovfelt.com\/meist\/","url":"https:\/\/loovfelt.com\/meist\/","name":"Meist - Loovfelt","isPartOf":{"@id":"https:\/\/loovfelt.com\/#website"},"primaryImageOfPage":{"@id":"https:\/\/loovfelt.com\/meist\/#primaryimage"},"image":{"@id":"https:\/\/loovfelt.com\/meist\/#primaryimage"},"thumbnailUrl":"https:\/\/loovfelt.com\/wp-content\/uploads\/2022\/08\/meist2.jpg","datePublished":"2022-03-21T12:19:09+00:00","dateModified":"2022-08-21T18:46:23+00:00","breadcrumb":{"@id":"https:\/\/loovfelt.com\/meist\/#breadcrumb"},"inLanguage":"en-GB","potentialAction":[{"@type":"ReadAction","target":["https:\/\/loovfelt.com\/meist\/"]}]},{"@type":"ImageObject","inLanguage":"en-GB","@id":"https:\/\/loovfelt.com\/meist\/#primaryimage","url":"https:\/\/loovfelt.com\/wp-content\/uploads\/2022\/08\/meist2.jpg","contentUrl":"https:\/\/loovfelt.com\/wp-content\/uploads\/2022\/08\/meist2.jpg"},{"@type":"BreadcrumbList","@id":"https:\/\/loovfelt.com\/meist\/#breadcrumb","itemListElement":[{"@type":"ListItem","position":1,"name":"Home","item":"https:\/\/loovfelt.com\/"},{"@type":"ListItem","position":2,"name":"Meist"}]},{"@type":"WebSite","@id":"https:\/\/loovfelt.com\/#website","url":"https:\/\/loovfelt.com\/","name":"Loovfelt","description":"Hand-felted home textiles","publisher":{"@id":"https:\/\/loovfelt.com\/#organization"},"potentialAction":[{"@type":"SearchAction","target":{"@type":"EntryPoint","urlTemplate":"https:\/\/loovfelt.com\/?s={search_term_string}"},"query-input":{"@type":"PropertyValueSpecification","valueRequired":true,"valueName":"search_term_string"}}],"inLanguage":"en-GB"},{"@type":"Organization","@id":"https:\/\/loovfelt.com\/#organization","name":"Loovup","url":"https:\/\/loovfelt.com\/","logo":{"@type":"ImageObject","inLanguage":"en-GB","@id":"https:\/\/loovfelt.com\/#\/schema\/logo\/image\/","url":"https:\/\/loovfelt.com\/wp-content\/uploads\/2022\/03\/Loovup-pehme-taust-2.png","contentUrl":"https:\/\/loovfelt.com\/wp-content\/uploads\/2022\/03\/Loovup-pehme-taust-2.png","width":1921,"height":1416,"caption":"Loovup"},"image":{"@id":"https:\/\/loovfelt.com\/#\/schema\/logo\/image\/"}}]}},"_links":{"self":[{"href":"https:\/\/loovfelt.com\/en\/wp-json\/wp\/v2\/pages\/969","targetHints":{"allow":["GET"]}}],"collection":[{"href":"https:\/\/loovfelt.com\/en\/wp-json\/wp\/v2\/pages"}],"about":[{"href":"https:\/\/loovfelt.com\/en\/wp-json\/wp\/v2\/types\/page"}],"author":[{"embeddable":true,"href":"https:\/\/loovfelt.com\/en\/wp-json\/wp\/v2\/users\/1"}],"replies":[{"embeddable":true,"href":"https:\/\/loovfelt.com\/en\/wp-json\/wp\/v2\/comments?post=969"}],"version-history":[{"count":5,"href":"https:\/\/loovfelt.com\/en\/wp-json\/wp\/v2\/pages\/969\/revisions"}],"predecessor-version":[{"id":1118,"href":"https:\/\/loovfelt.com\/en\/wp-json\/wp\/v2\/pages\/969\/revisions\/1118"}],"wp:attachment":[{"href":"https:\/\/loovfelt.com\/en\/wp-json\/wp\/v2\/media?parent=969"}],"curies":[{"name":"wp","href":"https:\/\/api.w.org\/{rel}","templated":true}]}}