{"id":968,"date":"2022-03-21T14:19:09","date_gmt":"2022-03-21T12:19:09","guid":{"rendered":"https:\/\/loovfelt.com\/?page_id=968"},"modified":"2022-11-17T21:40:57","modified_gmt":"2022-11-17T19:40:57","slug":"galerii","status":"publish","type":"page","link":"https:\/\/loovfelt.com\/en\/galerii\/","title":{"rendered":"Gallery"},"content":{"rendered":"<p>We are inspired by sheep's wool, meadow, sea, sea stones, fresh air and beautiful natural colours.<\/p>\n<figure class=\"gallery-item\">\n\t\t\t\t<a data-elementor-open-lightbox=\"yes\" data-elementor-lightbox-slideshow=\"0fe1817\" data-elementor-lightbox-title=\"Tool lilledega\" e-action-hash=\"#elementor-action%3Aaction%3Dlightbox%26settings%3DeyJpZCI6OTU2LCJ1cmwiOiJodHRwczpcL1wvbG9vdmZlbHQuY29tXC93cC1jb250ZW50XC91cGxvYWRzXC8yMDIyXC8wM1wvY3JvcHBlZC0yMDIwMDcwMV8xNTU3NTYtc2NhbGVkLTEtc2NhbGVkLmpwZyIsInNsaWRlc2hvdyI6IjBmZTE4MTcifQ%3D%3D\" href=\"https:\/\/loovfelt.com\/wp-content\/uploads\/2022\/03\/cropped-20200701_155756-scaled-1-scaled.jpg\"><img loading=\"lazy\" width=\"150\" height=\"150\" src=\"https:\/\/loovfelt.com\/wp-content\/uploads\/2022\/03\/cropped-20200701_155756-scaled-1-150x150.jpg\" alt=\"Tool ja lill\" decoding=\"async\" srcset=\"https:\/\/loovfelt.com\/wp-content\/uploads\/2022\/03\/cropped-20200701_155756-scaled-1-150x150.jpg 150w, https:\/\/loovfelt.com\/wp-content\/uploads\/2022\/03\/cropped-20200701_155756-scaled-1-100x100.jpg 100w\" sizes=\"auto, 100vw\"><\/a><\/figure>\n<figure class=\"gallery-item\">\n\t\t\t\t<a data-elementor-open-lightbox=\"yes\" data-elementor-lightbox-slideshow=\"0fe1817\" data-elementor-lightbox-title=\"Aa rand\" e-action-hash=\"#elementor-action%3Aaction%3Dlightbox%26settings%3DeyJpZCI6OTAwLCJ1cmwiOiJodHRwczpcL1wvbG9vdmZlbHQuY29tXC93cC1jb250ZW50XC91cGxvYWRzXC8yMDIyXC8wM1wvMjAxOTA3MTJfMTA1NzQ2LXNjYWxlZC5qcGciLCJzbGlkZXNob3ciOiIwZmUxODE3In0%3D\" href=\"https:\/\/loovfelt.com\/wp-content\/uploads\/2022\/03\/20190712_105746-scaled.jpg\"><img loading=\"lazy\" width=\"150\" height=\"150\" src=\"https:\/\/loovfelt.com\/wp-content\/uploads\/2022\/03\/20190712_105746-150x150.jpg\" alt=\"Aa rand\" decoding=\"async\" sizes=\"auto, 100vw\"><\/a><\/figure>\n<figure class=\"gallery-item\">\n\t\t\t\t<a data-elementor-open-lightbox=\"yes\" data-elementor-lightbox-slideshow=\"0fe1817\" data-elementor-lightbox-title=\"Detail pleedil\" e-action-hash=\"#elementor-action%3Aaction%3Dlightbox%26settings%3DeyJpZCI6MTA2MSwidXJsIjoiaHR0cHM6XC9cL2xvb3ZmZWx0LmNvbVwvd3AtY29udGVudFwvdXBsb2Fkc1wvMjAyMlwvMDRcL3BsZWVkaS1kZXRhaWwuanBnIiwic2xpZGVzaG93IjoiMGZlMTgxNyJ9\" href=\"https:\/\/loovfelt.com\/wp-content\/uploads\/2022\/04\/pleedi-detail.jpg\"><img loading=\"lazy\" width=\"150\" height=\"150\" src=\"https:\/\/loovfelt.com\/wp-content\/uploads\/2022\/04\/pleedi-detail-150x150.jpg\" alt=\"Lilled villasel pleedil\" decoding=\"async\" srcset=\"https:\/\/loovfelt.com\/wp-content\/uploads\/2022\/04\/pleedi-detail-150x150.jpg 150w, https:\/\/loovfelt.com\/wp-content\/uploads\/2022\/04\/pleedi-detail-100x100.jpg 100w\" sizes=\"auto, 100vw\"><\/a><\/figure>\n<figure class=\"gallery-item\">\n\t\t\t\t<a data-elementor-open-lightbox=\"yes\" data-elementor-lightbox-slideshow=\"0fe1817\" data-elementor-lightbox-title=\"Loodusv\u00e4rvitud l\u00f5ngad\" e-action-hash=\"#elementor-action%3Aaction%3Dlightbox%26settings%3DeyJpZCI6MTA5NiwidXJsIjoiaHR0cHM6XC9cL2xvb3ZmZWx0LmNvbVwvd3AtY29udGVudFwvdXBsb2Fkc1wvMjAyMlwvMDVcL2xvbmcuanBnIiwic2xpZGVzaG93IjoiMGZlMTgxNyJ9\" href=\"https:\/\/loovfelt.com\/wp-content\/uploads\/2022\/05\/long.jpg\"><img loading=\"lazy\" width=\"150\" height=\"150\" src=\"https:\/\/loovfelt.com\/wp-content\/uploads\/2022\/05\/long-150x150.jpg\" alt=\"Loodusv\u00e4rvitud l\u00f5ngad\" decoding=\"async\" srcset=\"https:\/\/loovfelt.com\/wp-content\/uploads\/2022\/05\/long-150x150.jpg 150w, https:\/\/loovfelt.com\/wp-content\/uploads\/2022\/05\/long-100x100.jpg 100w\" sizes=\"auto, 100vw\"><\/a><\/figure>\n<figure class=\"gallery-item\">\n\t\t\t\t<a data-elementor-open-lightbox=\"yes\" data-elementor-lightbox-slideshow=\"0fe1817\" data-elementor-lightbox-title=\"Padi ja pleed\" e-action-hash=\"#elementor-action%3Aaction%3Dlightbox%26settings%3DeyJpZCI6OTIwLCJ1cmwiOiJodHRwczpcL1wvbG9vdmZlbHQuY29tXC93cC1jb250ZW50XC91cGxvYWRzXC8yMDIyXC8wM1wvMjAxODA4MjhfMTI0MTQ2LXNjYWxlZC5qcGciLCJzbGlkZXNob3ciOiIwZmUxODE3In0%3D\" href=\"https:\/\/loovfelt.com\/wp-content\/uploads\/2022\/03\/20180828_124146-scaled.jpg\"><img loading=\"lazy\" width=\"150\" height=\"150\" src=\"https:\/\/loovfelt.com\/wp-content\/uploads\/2022\/03\/20180828_124146-150x150.jpg\" alt=\"Padi ja pleed\" decoding=\"async\" sizes=\"auto, 100vw\"><\/a><\/figure>\n<figure class=\"gallery-item\">\n\t\t\t\t<a data-elementor-open-lightbox=\"yes\" data-elementor-lightbox-slideshow=\"0fe1817\" data-elementor-lightbox-title=\"Punaselg-\u00f5gija\" e-action-hash=\"#elementor-action%3Aaction%3Dlightbox%26settings%3DeyJpZCI6MTA1OSwidXJsIjoiaHR0cHM6XC9cL2xvb3ZmZWx0LmNvbVwvd3AtY29udGVudFwvdXBsb2Fkc1wvMjAyMlwvMDRcL29naWphLmpwZyIsInNsaWRlc2hvdyI6IjBmZTE4MTcifQ%3D%3D\" href=\"https:\/\/loovfelt.com\/wp-content\/uploads\/2022\/04\/ogija.jpg\"><img loading=\"lazy\" width=\"150\" height=\"150\" src=\"https:\/\/loovfelt.com\/wp-content\/uploads\/2022\/04\/ogija-150x150.jpg\" alt=\"Punaselg-\u00f5gija\" decoding=\"async\" srcset=\"https:\/\/loovfelt.com\/wp-content\/uploads\/2022\/04\/ogija-150x150.jpg 150w, https:\/\/loovfelt.com\/wp-content\/uploads\/2022\/04\/ogija-100x100.jpg 100w\" sizes=\"auto, 100vw\"><\/a><\/figure>\n<figure class=\"gallery-item\">\n\t\t\t\t<a data-elementor-open-lightbox=\"yes\" data-elementor-lightbox-slideshow=\"0fe1817\" data-elementor-lightbox-title=\"Vilditud kannum\u00fcts pildiga\" e-action-hash=\"#elementor-action%3Aaction%3Dlightbox%26settings%3DeyJpZCI6OTc2LCJ1cmwiOiJodHRwczpcL1wvbG9vdmZlbHQuY29tXC93cC1jb250ZW50XC91cGxvYWRzXC8yMDIyXC8wM1wvMjAyMTA4MTNfMDgzNjQ4LXNjYWxlZC5qcGciLCJzbGlkZXNob3ciOiIwZmUxODE3In0%3D\" href=\"https:\/\/loovfelt.com\/wp-content\/uploads\/2022\/03\/20210813_083648-scaled.jpg\"><img loading=\"lazy\" width=\"150\" height=\"150\" src=\"https:\/\/loovfelt.com\/wp-content\/uploads\/2022\/03\/20210813_083648-150x150.jpg\" alt=\"Vilditud kannum\u00fcts\" decoding=\"async\" srcset=\"https:\/\/loovfelt.com\/wp-content\/uploads\/2022\/03\/20210813_083648-150x150.jpg 150w, https:\/\/loovfelt.com\/wp-content\/uploads\/2022\/03\/20210813_083648-100x100.jpg 100w\" sizes=\"auto, 100vw\"><\/a><\/figure>\n<figure class=\"gallery-item\">\n\t\t\t\t<a data-elementor-open-lightbox=\"yes\" data-elementor-lightbox-slideshow=\"0fe1817\" data-elementor-lightbox-title=\"Ohakaliblikas\" e-action-hash=\"#elementor-action%3Aaction%3Dlightbox%26settings%3DeyJpZCI6MTA4OSwidXJsIjoiaHR0cHM6XC9cL2xvb3ZmZWx0LmNvbVwvd3AtY29udGVudFwvdXBsb2Fkc1wvMjAyMlwvMDVcL09oYWthbGlibGlrYXMuanBnIiwic2xpZGVzaG93IjoiMGZlMTgxNyJ9\" href=\"https:\/\/loovfelt.com\/wp-content\/uploads\/2022\/05\/Ohakaliblikas.jpg\"><img loading=\"lazy\" width=\"150\" height=\"150\" src=\"https:\/\/loovfelt.com\/wp-content\/uploads\/2022\/05\/Ohakaliblikas-150x150.jpg\" alt=\"Ohakaliblikas\" decoding=\"async\" srcset=\"https:\/\/loovfelt.com\/wp-content\/uploads\/2022\/05\/Ohakaliblikas-150x150.jpg 150w, https:\/\/loovfelt.com\/wp-content\/uploads\/2022\/05\/Ohakaliblikas-100x100.jpg 100w\" sizes=\"auto, 100vw\"><\/a><\/figure>\n<figure class=\"gallery-item\">\n\t\t\t\t<a data-elementor-open-lightbox=\"yes\" data-elementor-lightbox-slideshow=\"0fe1817\" data-elementor-lightbox-title=\"Trilobiidid\" e-action-hash=\"#elementor-action%3Aaction%3Dlightbox%26settings%3DeyJpZCI6MTA2MCwidXJsIjoiaHR0cHM6XC9cL2xvb3ZmZWx0LmNvbVwvd3AtY29udGVudFwvdXBsb2Fkc1wvMjAyMlwvMDRcL1RyaWxvYmlpZGlkLmpwZyIsInNsaWRlc2hvdyI6IjBmZTE4MTcifQ%3D%3D\" href=\"https:\/\/loovfelt.com\/wp-content\/uploads\/2022\/04\/Trilobiidid.jpg\"><img loading=\"lazy\" width=\"150\" height=\"150\" src=\"https:\/\/loovfelt.com\/wp-content\/uploads\/2022\/04\/Trilobiidid-150x150.jpg\" alt=\"Trilobiidid paekivis\" decoding=\"async\" srcset=\"https:\/\/loovfelt.com\/wp-content\/uploads\/2022\/04\/Trilobiidid-150x150.jpg 150w, https:\/\/loovfelt.com\/wp-content\/uploads\/2022\/04\/Trilobiidid-100x100.jpg 100w\" sizes=\"auto, 100vw\"><\/a><\/figure>\n<figure class=\"gallery-item\">\n\t\t\t\t<a data-elementor-open-lightbox=\"yes\" data-elementor-lightbox-slideshow=\"0fe1817\" data-elementor-lightbox-title=\"wool_sheep2\" e-action-hash=\"#elementor-action%3Aaction%3Dlightbox%26settings%3DeyJpZCI6MTE0MSwidXJsIjoiaHR0cHM6XC9cL2xvb3ZmZWx0LmNvbVwvd3AtY29udGVudFwvdXBsb2Fkc1wvMjAyMlwvMTFcL3dvb2xfc2hlZXAyLmpwZyIsInNsaWRlc2hvdyI6IjBmZTE4MTcifQ%3D%3D\" href=\"https:\/\/loovfelt.com\/wp-content\/uploads\/2022\/11\/wool_sheep2.jpg\"><img loading=\"lazy\" width=\"150\" height=\"150\" src=\"https:\/\/loovfelt.com\/wp-content\/uploads\/2022\/11\/wool_sheep2-150x150.jpg\" alt=\"\" decoding=\"async\" srcset=\"https:\/\/loovfelt.com\/wp-content\/uploads\/2022\/11\/wool_sheep2-150x150.jpg 150w, https:\/\/loovfelt.com\/wp-content\/uploads\/2022\/11\/wool_sheep2-100x100.jpg 100w\" sizes=\"auto, 100vw\"><\/a><\/figure>\n<figure class=\"gallery-item\">\n\t\t\t\t<a data-elementor-open-lightbox=\"yes\" data-elementor-lightbox-slideshow=\"0fe1817\" data-elementor-lightbox-title=\"sheep_wool\" e-action-hash=\"#elementor-action%3Aaction%3Dlightbox%26settings%3DeyJpZCI6MTE1NCwidXJsIjoiaHR0cHM6XC9cL2xvb3ZmZWx0LmNvbVwvd3AtY29udGVudFwvdXBsb2Fkc1wvMjAyMlwvMTFcL3NoZWVwX3dvb2wtc2NhbGVkLmpwZyIsInNsaWRlc2hvdyI6IjBmZTE4MTcifQ%3D%3D\" href=\"https:\/\/loovfelt.com\/wp-content\/uploads\/2022\/11\/sheep_wool-scaled.jpg\"><img loading=\"lazy\" width=\"150\" height=\"150\" src=\"https:\/\/loovfelt.com\/wp-content\/uploads\/2022\/11\/sheep_wool-150x150.jpg\" alt=\"\" decoding=\"async\" srcset=\"https:\/\/loovfelt.com\/wp-content\/uploads\/2022\/11\/sheep_wool-150x150.jpg 150w, https:\/\/loovfelt.com\/wp-content\/uploads\/2022\/11\/sheep_wool-100x100.jpg 100w\" sizes=\"auto, 100vw\"><\/a><\/figure>\n<figure class=\"gallery-item\">\n\t\t\t\t<a data-elementor-open-lightbox=\"yes\" data-elementor-lightbox-slideshow=\"0fe1817\" data-elementor-lightbox-title=\"Felt_land2\" e-action-hash=\"#elementor-action%3Aaction%3Dlightbox%26settings%3DeyJpZCI6MTE0MywidXJsIjoiaHR0cHM6XC9cL2xvb3ZmZWx0LmNvbVwvd3AtY29udGVudFwvdXBsb2Fkc1wvMjAyMlwvMTFcL0ZlbHRfbGFuZDIuanBnIiwic2xpZGVzaG93IjoiMGZlMTgxNyJ9\" href=\"https:\/\/loovfelt.com\/wp-content\/uploads\/2022\/11\/Felt_land2.jpg\"><img loading=\"lazy\" width=\"150\" height=\"150\" src=\"https:\/\/loovfelt.com\/wp-content\/uploads\/2022\/11\/Felt_land2-150x150.jpg\" alt=\"\" decoding=\"async\" srcset=\"https:\/\/loovfelt.com\/wp-content\/uploads\/2022\/11\/Felt_land2-150x150.jpg 150w, https:\/\/loovfelt.com\/wp-content\/uploads\/2022\/11\/Felt_land2-100x100.jpg 100w\" sizes=\"auto, 100vw\"><\/a><\/figure>\n<figure class=\"gallery-item\">\n\t\t\t\t<a data-elementor-open-lightbox=\"yes\" data-elementor-lightbox-slideshow=\"0fe1817\" data-elementor-lightbox-title=\"Wool_land2\" e-action-hash=\"#elementor-action%3Aaction%3Dlightbox%26settings%3DeyJpZCI6MTE0NSwidXJsIjoiaHR0cHM6XC9cL2xvb3ZmZWx0LmNvbVwvd3AtY29udGVudFwvdXBsb2Fkc1wvMjAyMlwvMTFcL1dvb2xfbGFuZDIuanBnIiwic2xpZGVzaG93IjoiMGZlMTgxNyJ9\" href=\"https:\/\/loovfelt.com\/wp-content\/uploads\/2022\/11\/Wool_land2.jpg\"><img loading=\"lazy\" width=\"150\" height=\"150\" src=\"https:\/\/loovfelt.com\/wp-content\/uploads\/2022\/11\/Wool_land2-150x150.jpg\" alt=\"\" decoding=\"async\" srcset=\"https:\/\/loovfelt.com\/wp-content\/uploads\/2022\/11\/Wool_land2-150x150.jpg 150w, https:\/\/loovfelt.com\/wp-content\/uploads\/2022\/11\/Wool_land2-100x100.jpg 100w\" sizes=\"auto, 100vw\"><\/a><\/figure>\n<figure class=\"gallery-item\">\n\t\t\t\t<a data-elementor-open-lightbox=\"yes\" data-elementor-lightbox-slideshow=\"0fe1817\" data-elementor-lightbox-title=\"Wool_land1\" e-action-hash=\"#elementor-action%3Aaction%3Dlightbox%26settings%3DeyJpZCI6MTE0NCwidXJsIjoiaHR0cHM6XC9cL2xvb3ZmZWx0LmNvbVwvd3AtY29udGVudFwvdXBsb2Fkc1wvMjAyMlwvMTFcL1dvb2xfbGFuZDEuanBnIiwic2xpZGVzaG93IjoiMGZlMTgxNyJ9\" href=\"https:\/\/loovfelt.com\/wp-content\/uploads\/2022\/11\/Wool_land1.jpg\"><img loading=\"lazy\" width=\"150\" height=\"150\" src=\"https:\/\/loovfelt.com\/wp-content\/uploads\/2022\/11\/Wool_land1-150x150.jpg\" alt=\"\" decoding=\"async\" srcset=\"https:\/\/loovfelt.com\/wp-content\/uploads\/2022\/11\/Wool_land1-150x150.jpg 150w, https:\/\/loovfelt.com\/wp-content\/uploads\/2022\/11\/Wool_land1-100x100.jpg 100w\" sizes=\"auto, 100vw\"><\/a><\/figure>\n<figure class=\"gallery-item\">\n\t\t\t\t<a data-elementor-open-lightbox=\"yes\" data-elementor-lightbox-slideshow=\"0fe1817\" data-elementor-lightbox-title=\"Felt_land1\" e-action-hash=\"#elementor-action%3Aaction%3Dlightbox%26settings%3DeyJpZCI6MTE0MiwidXJsIjoiaHR0cHM6XC9cL2xvb3ZmZWx0LmNvbVwvd3AtY29udGVudFwvdXBsb2Fkc1wvMjAyMlwvMTFcL0ZlbHRfbGFuZDEuanBnIiwic2xpZGVzaG93IjoiMGZlMTgxNyJ9\" href=\"https:\/\/loovfelt.com\/wp-content\/uploads\/2022\/11\/Felt_land1.jpg\"><img loading=\"lazy\" width=\"150\" height=\"150\" src=\"https:\/\/loovfelt.com\/wp-content\/uploads\/2022\/11\/Felt_land1-150x150.jpg\" alt=\"\" decoding=\"async\" srcset=\"https:\/\/loovfelt.com\/wp-content\/uploads\/2022\/11\/Felt_land1-150x150.jpg 150w, https:\/\/loovfelt.com\/wp-content\/uploads\/2022\/11\/Felt_land1-100x100.jpg 100w\" sizes=\"auto, 100vw\"><\/a><\/figure>","protected":false},"excerpt":{"rendered":"<p>We are inspired by sheep's wool, meadow, sea, sea stones, fresh air and beautiful natural colours.<\/p>","protected":false},"author":1,"featured_media":0,"parent":0,"menu_order":0,"comment_status":"closed","ping_status":"closed","template":"","meta":{"footnotes":""},"class_list":["post-968","page","type-page","status-publish","hentry"],"yoast_head":"<!-- This site is optimized with the Yoast SEO plugin v27.4 - https:\/\/yoast.com\/product\/yoast-seo-wordpress\/ -->\n<title>Galerii - Loovfelt<\/title>\n<meta name=\"robots\" content=\"index, follow, max-snippet:-1, max-image-preview:large, max-video-preview:-1\" \/>\n<link rel=\"canonical\" href=\"https:\/\/loovfelt.com\/en\/galerii\/\" \/>\n<meta property=\"og:locale\" content=\"en_GB\" \/>\n<meta property=\"og:type\" content=\"article\" \/>\n<meta property=\"og:title\" content=\"Galerii - Loovfelt\" \/>\n<meta property=\"og:description\" content=\"Meid inspireerivad lambavill, heinamaa, meri, merekivid, v\u00e4rske \u00f5hk ja kaunid v\u00e4rvid looduses.\" \/>\n<meta property=\"og:url\" content=\"https:\/\/loovfelt.com\/en\/galerii\/\" \/>\n<meta property=\"og:site_name\" content=\"Loovfelt\" \/>\n<meta property=\"article:modified_time\" content=\"2022-11-17T19:40:57+00:00\" \/>\n<meta property=\"og:image\" content=\"https:\/\/loovfelt.com\/wp-content\/uploads\/2022\/03\/cropped-20200701_155756-scaled-1-150x150.jpg\" \/>\n<meta name=\"twitter:card\" content=\"summary_large_image\" \/>\n<meta name=\"twitter:label1\" content=\"Estimated reading time\" \/>\n\t<meta name=\"twitter:data1\" content=\"2 minutes\" \/>\n<script type=\"application\/ld+json\" class=\"yoast-schema-graph\">{\"@context\":\"https:\\\/\\\/schema.org\",\"@graph\":[{\"@type\":\"WebPage\",\"@id\":\"https:\\\/\\\/loovfelt.com\\\/galerii\\\/\",\"url\":\"https:\\\/\\\/loovfelt.com\\\/galerii\\\/\",\"name\":\"Galerii - Loovfelt\",\"isPartOf\":{\"@id\":\"https:\\\/\\\/loovfelt.com\\\/#website\"},\"primaryImageOfPage\":{\"@id\":\"https:\\\/\\\/loovfelt.com\\\/galerii\\\/#primaryimage\"},\"image\":{\"@id\":\"https:\\\/\\\/loovfelt.com\\\/galerii\\\/#primaryimage\"},\"thumbnailUrl\":\"https:\\\/\\\/loovfelt.com\\\/wp-content\\\/uploads\\\/2022\\\/03\\\/cropped-20200701_155756-scaled-1-150x150.jpg\",\"datePublished\":\"2022-03-21T12:19:09+00:00\",\"dateModified\":\"2022-11-17T19:40:57+00:00\",\"breadcrumb\":{\"@id\":\"https:\\\/\\\/loovfelt.com\\\/galerii\\\/#breadcrumb\"},\"inLanguage\":\"en-GB\",\"potentialAction\":[{\"@type\":\"ReadAction\",\"target\":[\"https:\\\/\\\/loovfelt.com\\\/galerii\\\/\"]}]},{\"@type\":\"ImageObject\",\"inLanguage\":\"en-GB\",\"@id\":\"https:\\\/\\\/loovfelt.com\\\/galerii\\\/#primaryimage\",\"url\":\"https:\\\/\\\/loovfelt.com\\\/wp-content\\\/uploads\\\/2022\\\/03\\\/cropped-20200701_155756-scaled-1-150x150.jpg\",\"contentUrl\":\"https:\\\/\\\/loovfelt.com\\\/wp-content\\\/uploads\\\/2022\\\/03\\\/cropped-20200701_155756-scaled-1-150x150.jpg\"},{\"@type\":\"BreadcrumbList\",\"@id\":\"https:\\\/\\\/loovfelt.com\\\/galerii\\\/#breadcrumb\",\"itemListElement\":[{\"@type\":\"ListItem\",\"position\":1,\"name\":\"Home\",\"item\":\"https:\\\/\\\/loovfelt.com\\\/\"},{\"@type\":\"ListItem\",\"position\":2,\"name\":\"Galerii\"}]},{\"@type\":\"WebSite\",\"@id\":\"https:\\\/\\\/loovfelt.com\\\/#website\",\"url\":\"https:\\\/\\\/loovfelt.com\\\/\",\"name\":\"Loovfelt\",\"description\":\"Lambavillast k\u00e4sit\u00f6\u00f6tooted\",\"publisher\":{\"@id\":\"https:\\\/\\\/loovfelt.com\\\/#organization\"},\"potentialAction\":[{\"@type\":\"SearchAction\",\"target\":{\"@type\":\"EntryPoint\",\"urlTemplate\":\"https:\\\/\\\/loovfelt.com\\\/?s={search_term_string}\"},\"query-input\":{\"@type\":\"PropertyValueSpecification\",\"valueRequired\":true,\"valueName\":\"search_term_string\"}}],\"inLanguage\":\"en-GB\"},{\"@type\":\"Organization\",\"@id\":\"https:\\\/\\\/loovfelt.com\\\/#organization\",\"name\":\"Loovup\",\"url\":\"https:\\\/\\\/loovfelt.com\\\/\",\"logo\":{\"@type\":\"ImageObject\",\"inLanguage\":\"en-GB\",\"@id\":\"https:\\\/\\\/loovfelt.com\\\/#\\\/schema\\\/logo\\\/image\\\/\",\"url\":\"https:\\\/\\\/loovfelt.com\\\/wp-content\\\/uploads\\\/2022\\\/03\\\/Loovup-pehme-taust-2.png\",\"contentUrl\":\"https:\\\/\\\/loovfelt.com\\\/wp-content\\\/uploads\\\/2022\\\/03\\\/Loovup-pehme-taust-2.png\",\"width\":1921,\"height\":1416,\"caption\":\"Loovup\"},\"image\":{\"@id\":\"https:\\\/\\\/loovfelt.com\\\/#\\\/schema\\\/logo\\\/image\\\/\"}}]}<\/script>\n<!-- \/ Yoast SEO plugin. -->","yoast_head_json":{"title":"Galerii - Loovfelt","robots":{"index":"index","follow":"follow","max-snippet":"max-snippet:-1","max-image-preview":"max-image-preview:large","max-video-preview":"max-video-preview:-1"},"canonical":"https:\/\/loovfelt.com\/en\/galerii\/","og_locale":"en_GB","og_type":"article","og_title":"Galerii - Loovfelt","og_description":"Meid inspireerivad lambavill, heinamaa, meri, merekivid, v\u00e4rske \u00f5hk ja kaunid v\u00e4rvid looduses.","og_url":"https:\/\/loovfelt.com\/en\/galerii\/","og_site_name":"Loovfelt","article_modified_time":"2022-11-17T19:40:57+00:00","og_image":[{"url":"https:\/\/loovfelt.com\/wp-content\/uploads\/2022\/03\/cropped-20200701_155756-scaled-1-150x150.jpg","type":"","width":"","height":""}],"twitter_card":"summary_large_image","twitter_misc":{"Estimated reading time":"2 minutes"},"schema":{"@context":"https:\/\/schema.org","@graph":[{"@type":"WebPage","@id":"https:\/\/loovfelt.com\/galerii\/","url":"https:\/\/loovfelt.com\/galerii\/","name":"Galerii - Loovfelt","isPartOf":{"@id":"https:\/\/loovfelt.com\/#website"},"primaryImageOfPage":{"@id":"https:\/\/loovfelt.com\/galerii\/#primaryimage"},"image":{"@id":"https:\/\/loovfelt.com\/galerii\/#primaryimage"},"thumbnailUrl":"https:\/\/loovfelt.com\/wp-content\/uploads\/2022\/03\/cropped-20200701_155756-scaled-1-150x150.jpg","datePublished":"2022-03-21T12:19:09+00:00","dateModified":"2022-11-17T19:40:57+00:00","breadcrumb":{"@id":"https:\/\/loovfelt.com\/galerii\/#breadcrumb"},"inLanguage":"en-GB","potentialAction":[{"@type":"ReadAction","target":["https:\/\/loovfelt.com\/galerii\/"]}]},{"@type":"ImageObject","inLanguage":"en-GB","@id":"https:\/\/loovfelt.com\/galerii\/#primaryimage","url":"https:\/\/loovfelt.com\/wp-content\/uploads\/2022\/03\/cropped-20200701_155756-scaled-1-150x150.jpg","contentUrl":"https:\/\/loovfelt.com\/wp-content\/uploads\/2022\/03\/cropped-20200701_155756-scaled-1-150x150.jpg"},{"@type":"BreadcrumbList","@id":"https:\/\/loovfelt.com\/galerii\/#breadcrumb","itemListElement":[{"@type":"ListItem","position":1,"name":"Home","item":"https:\/\/loovfelt.com\/"},{"@type":"ListItem","position":2,"name":"Galerii"}]},{"@type":"WebSite","@id":"https:\/\/loovfelt.com\/#website","url":"https:\/\/loovfelt.com\/","name":"Loovfelt","description":"Hand-felted home textiles","publisher":{"@id":"https:\/\/loovfelt.com\/#organization"},"potentialAction":[{"@type":"SearchAction","target":{"@type":"EntryPoint","urlTemplate":"https:\/\/loovfelt.com\/?s={search_term_string}"},"query-input":{"@type":"PropertyValueSpecification","valueRequired":true,"valueName":"search_term_string"}}],"inLanguage":"en-GB"},{"@type":"Organization","@id":"https:\/\/loovfelt.com\/#organization","name":"Loovup","url":"https:\/\/loovfelt.com\/","logo":{"@type":"ImageObject","inLanguage":"en-GB","@id":"https:\/\/loovfelt.com\/#\/schema\/logo\/image\/","url":"https:\/\/loovfelt.com\/wp-content\/uploads\/2022\/03\/Loovup-pehme-taust-2.png","contentUrl":"https:\/\/loovfelt.com\/wp-content\/uploads\/2022\/03\/Loovup-pehme-taust-2.png","width":1921,"height":1416,"caption":"Loovup"},"image":{"@id":"https:\/\/loovfelt.com\/#\/schema\/logo\/image\/"}}]}},"_links":{"self":[{"href":"https:\/\/loovfelt.com\/en\/wp-json\/wp\/v2\/pages\/968","targetHints":{"allow":["GET"]}}],"collection":[{"href":"https:\/\/loovfelt.com\/en\/wp-json\/wp\/v2\/pages"}],"about":[{"href":"https:\/\/loovfelt.com\/en\/wp-json\/wp\/v2\/types\/page"}],"author":[{"embeddable":true,"href":"https:\/\/loovfelt.com\/en\/wp-json\/wp\/v2\/users\/1"}],"replies":[{"embeddable":true,"href":"https:\/\/loovfelt.com\/en\/wp-json\/wp\/v2\/comments?post=968"}],"version-history":[{"count":5,"href":"https:\/\/loovfelt.com\/en\/wp-json\/wp\/v2\/pages\/968\/revisions"}],"predecessor-version":[{"id":1160,"href":"https:\/\/loovfelt.com\/en\/wp-json\/wp\/v2\/pages\/968\/revisions\/1160"}],"wp:attachment":[{"href":"https:\/\/loovfelt.com\/en\/wp-json\/wp\/v2\/media?parent=968"}],"curies":[{"name":"wp","href":"https:\/\/api.w.org\/{rel}","templated":true}]}}