{"id":1023,"date":"2022-03-27T12:48:09","date_gmt":"2022-03-27T09:48:09","guid":{"rendered":"https:\/\/loovfelt.com\/?page_id=1023"},"modified":"2023-12-13T13:07:57","modified_gmt":"2023-12-13T11:07:57","slug":"tooted","status":"publish","type":"page","link":"https:\/\/loovfelt.com\/en\/tooted\/","title":{"rendered":"Felted items"},"content":{"rendered":"<div data-elementor-type=\"wp-page\" data-elementor-id=\"1023\" class=\"elementor elementor-1023\">\n\t\t\t\t\t\t<section class=\"elementor-section elementor-top-section elementor-element elementor-element-a9bd824 elementor-section-boxed elementor-section-height-default elementor-section-height-default\" data-id=\"a9bd824\" data-element_type=\"section\" data-e-type=\"section\">\n\t\t\t\t\t\t<div class=\"elementor-container elementor-column-gap-default\">\n\t\t\t\t\t<div class=\"elementor-column elementor-col-100 elementor-top-column elementor-element elementor-element-cb5add2\" data-id=\"cb5add2\" data-element_type=\"column\" data-e-type=\"column\">\n\t\t\t<div class=\"elementor-widget-wrap elementor-element-populated\">\n\t\t\t\t\t\t<div class=\"elementor-element elementor-element-faacfd3 elementor-widget elementor-widget-image-gallery\" data-id=\"faacfd3\" data-element_type=\"widget\" data-e-type=\"widget\" data-widget_type=\"image-gallery.default\">\n\t\t\t\t<div class=\"elementor-widget-container\">\n\t\t\t\t\t\t\t<div class=\"elementor-image-gallery\">\n\t\t\t<div id='gallery-1' class='gallery galleryid-1023 gallery-columns-3 gallery-size-thumbnail'><figure class='gallery-item'>\n\t\t\t<div class='gallery-icon landscape'>\n\t\t\t\t<a data-elementor-open-lightbox=\"yes\" data-elementor-lightbox-slideshow=\"faacfd3\" data-elementor-lightbox-title=\"toode\" data-e-action-hash=\"#elementor-action%3Aaction%3Dlightbox%26settings%3DeyJpZCI6MTEzMCwidXJsIjoiaHR0cHM6XC9cL2xvb3ZmZWx0LmNvbVwvd3AtY29udGVudFwvdXBsb2Fkc1wvMjAyMlwvMDhcL3Rvb2RlLmpwZyIsInNsaWRlc2hvdyI6ImZhYWNmZDMifQ%3D%3D\" href='https:\/\/loovfelt.com\/wp-content\/uploads\/2022\/08\/toode.jpg'><img decoding=\"async\" width=\"150\" height=\"150\" src=\"https:\/\/loovfelt.com\/wp-content\/uploads\/2022\/08\/toode-150x150.jpg\" class=\"attachment-thumbnail size-thumbnail\" alt=\"Villapleed\" srcset=\"https:\/\/loovfelt.com\/wp-content\/uploads\/2022\/08\/toode-150x150.jpg 150w, https:\/\/loovfelt.com\/wp-content\/uploads\/2022\/08\/toode-100x100.jpg 100w\" sizes=\"100vw\" \/><\/a>\n\t\t\t<\/div><\/figure><figure class='gallery-item'>\n\t\t\t<div class='gallery-icon landscape'>\n\t\t\t\t<a data-elementor-open-lightbox=\"yes\" data-elementor-lightbox-slideshow=\"faacfd3\" data-elementor-lightbox-title=\"Tea_cozy_seawaves\" data-e-action-hash=\"#elementor-action%3Aaction%3Dlightbox%26settings%3DeyJpZCI6MTIxNSwidXJsIjoiaHR0cHM6XC9cL2xvb3ZmZWx0LmNvbVwvd3AtY29udGVudFwvdXBsb2Fkc1wvMjAyM1wvMTJcL1RlYV9jb3p5X3NlYXdhdmVzLmpwZyIsInNsaWRlc2hvdyI6ImZhYWNmZDMifQ%3D%3D\" href='https:\/\/loovfelt.com\/wp-content\/uploads\/2023\/12\/Tea_cozy_seawaves.jpg'><img decoding=\"async\" width=\"150\" height=\"150\" src=\"https:\/\/loovfelt.com\/wp-content\/uploads\/2023\/12\/Tea_cozy_seawaves-150x150.jpg\" class=\"attachment-thumbnail size-thumbnail\" alt=\"\" srcset=\"https:\/\/loovfelt.com\/wp-content\/uploads\/2023\/12\/Tea_cozy_seawaves-150x150.jpg 150w, https:\/\/loovfelt.com\/wp-content\/uploads\/2023\/12\/Tea_cozy_seawaves-300x300.jpg 300w, https:\/\/loovfelt.com\/wp-content\/uploads\/2023\/12\/Tea_cozy_seawaves-12x12.jpg 12w, https:\/\/loovfelt.com\/wp-content\/uploads\/2023\/12\/Tea_cozy_seawaves-100x100.jpg 100w, https:\/\/loovfelt.com\/wp-content\/uploads\/2023\/12\/Tea_cozy_seawaves.jpg 450w\" sizes=\"100vw\" \/><\/a>\n\t\t\t<\/div><\/figure><figure class='gallery-item'>\n\t\t\t<div class='gallery-icon portrait'>\n\t\t\t\t<a data-elementor-open-lightbox=\"yes\" data-elementor-lightbox-slideshow=\"faacfd3\" data-elementor-lightbox-title=\"kannum\u00fcts\" data-e-action-hash=\"#elementor-action%3Aaction%3Dlightbox%26settings%3DeyJpZCI6MTEyMSwidXJsIjoiaHR0cHM6XC9cL2xvb3ZmZWx0LmNvbVwvd3AtY29udGVudFwvdXBsb2Fkc1wvMjAyMlwvMDhcL2thbm51bXV0czEuanBnIiwic2xpZGVzaG93IjoiZmFhY2ZkMyJ9\" href='https:\/\/loovfelt.com\/wp-content\/uploads\/2022\/08\/kannumuts1.jpg'><img decoding=\"async\" width=\"150\" height=\"150\" src=\"https:\/\/loovfelt.com\/wp-content\/uploads\/2022\/08\/kannumuts1-150x150.jpg\" class=\"attachment-thumbnail size-thumbnail\" alt=\"Kannum\u00fcts\" srcset=\"https:\/\/loovfelt.com\/wp-content\/uploads\/2022\/08\/kannumuts1-150x150.jpg 150w, https:\/\/loovfelt.com\/wp-content\/uploads\/2022\/08\/kannumuts1-100x100.jpg 100w\" sizes=\"100vw\" \/><\/a>\n\t\t\t<\/div><\/figure><figure class='gallery-item'>\n\t\t\t<div class='gallery-icon landscape'>\n\t\t\t\t<a data-elementor-open-lightbox=\"yes\" data-elementor-lightbox-slideshow=\"faacfd3\" data-elementor-lightbox-title=\"Padjad\" data-e-action-hash=\"#elementor-action%3Aaction%3Dlightbox%26settings%3DeyJpZCI6MTEwMiwidXJsIjoiaHR0cHM6XC9cL2xvb3ZmZWx0LmNvbVwvd3AtY29udGVudFwvdXBsb2Fkc1wvMjAyMlwvMDdcL1BhZGphZC5qcGciLCJzbGlkZXNob3ciOiJmYWFjZmQzIn0%3D\" href='https:\/\/loovfelt.com\/wp-content\/uploads\/2022\/07\/Padjad.jpg'><img loading=\"lazy\" decoding=\"async\" width=\"150\" height=\"150\" src=\"https:\/\/loovfelt.com\/wp-content\/uploads\/2022\/07\/Padjad-150x150.jpg\" class=\"attachment-thumbnail size-thumbnail\" alt=\"Vildist padjad\" srcset=\"https:\/\/loovfelt.com\/wp-content\/uploads\/2022\/07\/Padjad-150x150.jpg 150w, https:\/\/loovfelt.com\/wp-content\/uploads\/2022\/07\/Padjad-100x100.jpg 100w\" sizes=\"100vw\" \/><\/a>\n\t\t\t<\/div><\/figure><figure class='gallery-item'>\n\t\t\t<div class='gallery-icon landscape'>\n\t\t\t\t<a data-elementor-open-lightbox=\"yes\" data-elementor-lightbox-slideshow=\"faacfd3\" data-elementor-lightbox-title=\"vilditud_padi\" data-e-action-hash=\"#elementor-action%3Aaction%3Dlightbox%26settings%3DeyJpZCI6MTE2NCwidXJsIjoiaHR0cHM6XC9cL2xvb3ZmZWx0LmNvbVwvd3AtY29udGVudFwvdXBsb2Fkc1wvMjAyM1wvMDFcL3ZpbGRpdHVkX3BhZGkuanBnIiwic2xpZGVzaG93IjoiZmFhY2ZkMyJ9\" href='https:\/\/loovfelt.com\/wp-content\/uploads\/2023\/01\/vilditud_padi.jpg'><img loading=\"lazy\" decoding=\"async\" width=\"150\" height=\"150\" src=\"https:\/\/loovfelt.com\/wp-content\/uploads\/2023\/01\/vilditud_padi-150x150.jpg\" class=\"attachment-thumbnail size-thumbnail\" alt=\"\" srcset=\"https:\/\/loovfelt.com\/wp-content\/uploads\/2023\/01\/vilditud_padi-150x150.jpg 150w, https:\/\/loovfelt.com\/wp-content\/uploads\/2023\/01\/vilditud_padi-100x100.jpg 100w\" sizes=\"100vw\" \/><\/a>\n\t\t\t<\/div><\/figure><figure class='gallery-item'>\n\t\t\t<div class='gallery-icon landscape'>\n\t\t\t\t<a data-elementor-open-lightbox=\"yes\" data-elementor-lightbox-slideshow=\"faacfd3\" data-elementor-lightbox-title=\"vilditud_padi_1\" data-e-action-hash=\"#elementor-action%3Aaction%3Dlightbox%26settings%3DeyJpZCI6MTE2NSwidXJsIjoiaHR0cHM6XC9cL2xvb3ZmZWx0LmNvbVwvd3AtY29udGVudFwvdXBsb2Fkc1wvMjAyM1wvMDFcL3ZpbGRpdHVkX3BhZGlfMS5qcGciLCJzbGlkZXNob3ciOiJmYWFjZmQzIn0%3D\" href='https:\/\/loovfelt.com\/wp-content\/uploads\/2023\/01\/vilditud_padi_1.jpg'><img loading=\"lazy\" decoding=\"async\" width=\"150\" height=\"150\" src=\"https:\/\/loovfelt.com\/wp-content\/uploads\/2023\/01\/vilditud_padi_1-150x150.jpg\" class=\"attachment-thumbnail size-thumbnail\" alt=\"\" srcset=\"https:\/\/loovfelt.com\/wp-content\/uploads\/2023\/01\/vilditud_padi_1-150x150.jpg 150w, https:\/\/loovfelt.com\/wp-content\/uploads\/2023\/01\/vilditud_padi_1-100x100.jpg 100w\" sizes=\"100vw\" \/><\/a>\n\t\t\t<\/div><\/figure><figure class='gallery-item'>\n\t\t\t<div class='gallery-icon portrait'>\n\t\t\t\t<a data-elementor-open-lightbox=\"yes\" data-elementor-lightbox-slideshow=\"faacfd3\" data-elementor-lightbox-title=\"Wool_blanket_dec1_kodu\" data-e-action-hash=\"#elementor-action%3Aaction%3Dlightbox%26settings%3DeyJpZCI6MTE3MCwidXJsIjoiaHR0cHM6XC9cL2xvb3ZmZWx0LmNvbVwvd3AtY29udGVudFwvdXBsb2Fkc1wvMjAyM1wvMDFcL1dvb2xfYmxhbmtldF9kZWMxX2tvZHUuanBnIiwic2xpZGVzaG93IjoiZmFhY2ZkMyJ9\" href='https:\/\/loovfelt.com\/wp-content\/uploads\/2023\/01\/Wool_blanket_dec1_kodu.jpg'><img loading=\"lazy\" decoding=\"async\" width=\"150\" height=\"150\" src=\"https:\/\/loovfelt.com\/wp-content\/uploads\/2023\/01\/Wool_blanket_dec1_kodu-150x150.jpg\" class=\"attachment-thumbnail size-thumbnail\" alt=\"\" srcset=\"https:\/\/loovfelt.com\/wp-content\/uploads\/2023\/01\/Wool_blanket_dec1_kodu-150x150.jpg 150w, https:\/\/loovfelt.com\/wp-content\/uploads\/2023\/01\/Wool_blanket_dec1_kodu-1192x1200.jpg 1192w, https:\/\/loovfelt.com\/wp-content\/uploads\/2023\/01\/Wool_blanket_dec1_kodu-100x100.jpg 100w\" sizes=\"100vw\" \/><\/a>\n\t\t\t<\/div><\/figure><figure class='gallery-item'>\n\t\t\t<div class='gallery-icon landscape'>\n\t\t\t\t<a data-elementor-open-lightbox=\"yes\" data-elementor-lightbox-slideshow=\"faacfd3\" data-elementor-lightbox-title=\"Boho_blanket3\" data-e-action-hash=\"#elementor-action%3Aaction%3Dlightbox%26settings%3DeyJpZCI6MTE2NiwidXJsIjoiaHR0cHM6XC9cL2xvb3ZmZWx0LmNvbVwvd3AtY29udGVudFwvdXBsb2Fkc1wvMjAyM1wvMDFcL0JvaG9fYmxhbmtldDMuanBnIiwic2xpZGVzaG93IjoiZmFhY2ZkMyJ9\" href='https:\/\/loovfelt.com\/wp-content\/uploads\/2023\/01\/Boho_blanket3.jpg'><img loading=\"lazy\" decoding=\"async\" width=\"150\" height=\"150\" src=\"https:\/\/loovfelt.com\/wp-content\/uploads\/2023\/01\/Boho_blanket3-150x150.jpg\" class=\"attachment-thumbnail size-thumbnail\" alt=\"\" srcset=\"https:\/\/loovfelt.com\/wp-content\/uploads\/2023\/01\/Boho_blanket3-150x150.jpg 150w, https:\/\/loovfelt.com\/wp-content\/uploads\/2023\/01\/Boho_blanket3-100x100.jpg 100w\" sizes=\"100vw\" \/><\/a>\n\t\t\t<\/div><\/figure><figure class='gallery-item'>\n\t\t\t<div class='gallery-icon landscape'>\n\t\t\t\t<a data-elementor-open-lightbox=\"yes\" data-elementor-lightbox-slideshow=\"faacfd3\" data-elementor-lightbox-title=\"Rustic_blanket1_kodu\" data-e-action-hash=\"#elementor-action%3Aaction%3Dlightbox%26settings%3DeyJpZCI6MTE3NCwidXJsIjoiaHR0cHM6XC9cL2xvb3ZmZWx0LmNvbVwvd3AtY29udGVudFwvdXBsb2Fkc1wvMjAyM1wvMDFcL1J1c3RpY19ibGFua2V0MV9rb2R1LmpwZyIsInNsaWRlc2hvdyI6ImZhYWNmZDMifQ%3D%3D\" href='https:\/\/loovfelt.com\/wp-content\/uploads\/2023\/01\/Rustic_blanket1_kodu.jpg'><img loading=\"lazy\" decoding=\"async\" width=\"150\" height=\"150\" src=\"https:\/\/loovfelt.com\/wp-content\/uploads\/2023\/01\/Rustic_blanket1_kodu-150x150.jpg\" class=\"attachment-thumbnail size-thumbnail\" alt=\"\" srcset=\"https:\/\/loovfelt.com\/wp-content\/uploads\/2023\/01\/Rustic_blanket1_kodu-150x150.jpg 150w, https:\/\/loovfelt.com\/wp-content\/uploads\/2023\/01\/Rustic_blanket1_kodu-100x100.jpg 100w\" sizes=\"100vw\" \/><\/a>\n\t\t\t<\/div><\/figure><figure class='gallery-item'>\n\t\t\t<div class='gallery-icon portrait'>\n\t\t\t\t<a data-elementor-open-lightbox=\"yes\" data-elementor-lightbox-slideshow=\"faacfd3\" data-elementor-lightbox-title=\"wall_hanging1s\" data-e-action-hash=\"#elementor-action%3Aaction%3Dlightbox%26settings%3DeyJpZCI6MTE4OCwidXJsIjoiaHR0cHM6XC9cL2xvb3ZmZWx0LmNvbVwvd3AtY29udGVudFwvdXBsb2Fkc1wvMjAyM1wvMTJcL3dhbGxfaGFuZ2luZzFzLTEuanBnIiwic2xpZGVzaG93IjoiZmFhY2ZkMyJ9\" href='https:\/\/loovfelt.com\/wp-content\/uploads\/2023\/12\/wall_hanging1s-1.jpg'><img loading=\"lazy\" decoding=\"async\" width=\"150\" height=\"150\" src=\"https:\/\/loovfelt.com\/wp-content\/uploads\/2023\/12\/wall_hanging1s-1-150x150.jpg\" class=\"attachment-thumbnail size-thumbnail\" alt=\"\" srcset=\"https:\/\/loovfelt.com\/wp-content\/uploads\/2023\/12\/wall_hanging1s-1-150x150.jpg 150w, https:\/\/loovfelt.com\/wp-content\/uploads\/2023\/12\/wall_hanging1s-1-100x100.jpg 100w\" sizes=\"100vw\" \/><\/a>\n\t\t\t<\/div><\/figure><figure class='gallery-item'>\n\t\t\t<div class='gallery-icon landscape'>\n\t\t\t\t<a data-elementor-open-lightbox=\"yes\" data-elementor-lightbox-slideshow=\"faacfd3\" data-elementor-lightbox-title=\"felt_blanket4_s\" data-e-action-hash=\"#elementor-action%3Aaction%3Dlightbox%26settings%3DeyJpZCI6MTE4OSwidXJsIjoiaHR0cHM6XC9cL2xvb3ZmZWx0LmNvbVwvd3AtY29udGVudFwvdXBsb2Fkc1wvMjAyM1wvMTJcL2ZlbHRfYmxhbmtldDRfcy5qcGciLCJzbGlkZXNob3ciOiJmYWFjZmQzIn0%3D\" href='https:\/\/loovfelt.com\/wp-content\/uploads\/2023\/12\/felt_blanket4_s.jpg'><img loading=\"lazy\" decoding=\"async\" width=\"150\" height=\"150\" src=\"https:\/\/loovfelt.com\/wp-content\/uploads\/2023\/12\/felt_blanket4_s-150x150.jpg\" class=\"attachment-thumbnail size-thumbnail\" alt=\"\" srcset=\"https:\/\/loovfelt.com\/wp-content\/uploads\/2023\/12\/felt_blanket4_s-150x150.jpg 150w, https:\/\/loovfelt.com\/wp-content\/uploads\/2023\/12\/felt_blanket4_s-100x100.jpg 100w\" sizes=\"100vw\" \/><\/a>\n\t\t\t<\/div><\/figure><figure class='gallery-item'>\n\t\t\t<div class='gallery-icon landscape'>\n\t\t\t\t<a data-elementor-open-lightbox=\"yes\" data-elementor-lightbox-slideshow=\"faacfd3\" data-elementor-lightbox-title=\"felt_blanket10_s\" data-e-action-hash=\"#elementor-action%3Aaction%3Dlightbox%26settings%3DeyJpZCI6MTE5MCwidXJsIjoiaHR0cHM6XC9cL2xvb3ZmZWx0LmNvbVwvd3AtY29udGVudFwvdXBsb2Fkc1wvMjAyM1wvMTJcL2ZlbHRfYmxhbmtldDEwX3MuanBnIiwic2xpZGVzaG93IjoiZmFhY2ZkMyJ9\" href='https:\/\/loovfelt.com\/wp-content\/uploads\/2023\/12\/felt_blanket10_s.jpg'><img loading=\"lazy\" decoding=\"async\" width=\"150\" height=\"150\" src=\"https:\/\/loovfelt.com\/wp-content\/uploads\/2023\/12\/felt_blanket10_s-150x150.jpg\" class=\"attachment-thumbnail size-thumbnail\" alt=\"\" srcset=\"https:\/\/loovfelt.com\/wp-content\/uploads\/2023\/12\/felt_blanket10_s-150x150.jpg 150w, https:\/\/loovfelt.com\/wp-content\/uploads\/2023\/12\/felt_blanket10_s-100x100.jpg 100w\" sizes=\"100vw\" \/><\/a>\n\t\t\t<\/div><\/figure>\n\t\t<\/div>\n\t\t<\/div>\n\t\t\t\t\t\t<\/div>\n\t\t\t\t<\/div>\n\t\t\t\t\t<\/div>\n\t\t<\/div>\n\t\t\t\t\t<\/div>\n\t\t<\/section>\n\t\t\t\t<\/div>","protected":false},"excerpt":{"rendered":"","protected":false},"author":1,"featured_media":0,"parent":0,"menu_order":0,"comment_status":"closed","ping_status":"closed","template":"","meta":{"footnotes":""},"class_list":["post-1023","page","type-page","status-publish","hentry"],"yoast_head":"<!-- This site is optimized with the Yoast SEO plugin v27.4 - https:\/\/yoast.com\/product\/yoast-seo-wordpress\/ -->\n<title>Tooted - Loovfelt<\/title>\n<meta name=\"robots\" content=\"index, follow, max-snippet:-1, max-image-preview:large, max-video-preview:-1\" \/>\n<link rel=\"canonical\" href=\"https:\/\/loovfelt.com\/en\/tooted\/\" \/>\n<meta property=\"og:locale\" content=\"en_GB\" \/>\n<meta property=\"og:type\" content=\"article\" \/>\n<meta property=\"og:title\" content=\"Tooted - Loovfelt\" \/>\n<meta property=\"og:url\" content=\"https:\/\/loovfelt.com\/en\/tooted\/\" \/>\n<meta property=\"og:site_name\" content=\"Loovfelt\" \/>\n<meta property=\"article:modified_time\" content=\"2023-12-13T11:07:57+00:00\" \/>\n<meta property=\"og:image\" content=\"https:\/\/loovfelt.com\/wp-content\/uploads\/2022\/08\/toode-150x150.jpg\" \/>\n<meta name=\"twitter:card\" content=\"summary_large_image\" \/>\n<script type=\"application\/ld+json\" class=\"yoast-schema-graph\">{\"@context\":\"https:\\\/\\\/schema.org\",\"@graph\":[{\"@type\":\"WebPage\",\"@id\":\"https:\\\/\\\/loovfelt.com\\\/tooted\\\/\",\"url\":\"https:\\\/\\\/loovfelt.com\\\/tooted\\\/\",\"name\":\"Tooted - Loovfelt\",\"isPartOf\":{\"@id\":\"https:\\\/\\\/loovfelt.com\\\/#website\"},\"primaryImageOfPage\":{\"@id\":\"https:\\\/\\\/loovfelt.com\\\/tooted\\\/#primaryimage\"},\"image\":{\"@id\":\"https:\\\/\\\/loovfelt.com\\\/tooted\\\/#primaryimage\"},\"thumbnailUrl\":\"https:\\\/\\\/loovfelt.com\\\/wp-content\\\/uploads\\\/2022\\\/08\\\/toode-150x150.jpg\",\"datePublished\":\"2022-03-27T09:48:09+00:00\",\"dateModified\":\"2023-12-13T11:07:57+00:00\",\"breadcrumb\":{\"@id\":\"https:\\\/\\\/loovfelt.com\\\/tooted\\\/#breadcrumb\"},\"inLanguage\":\"en-GB\",\"potentialAction\":[{\"@type\":\"ReadAction\",\"target\":[\"https:\\\/\\\/loovfelt.com\\\/tooted\\\/\"]}]},{\"@type\":\"ImageObject\",\"inLanguage\":\"en-GB\",\"@id\":\"https:\\\/\\\/loovfelt.com\\\/tooted\\\/#primaryimage\",\"url\":\"https:\\\/\\\/loovfelt.com\\\/wp-content\\\/uploads\\\/2022\\\/08\\\/toode-150x150.jpg\",\"contentUrl\":\"https:\\\/\\\/loovfelt.com\\\/wp-content\\\/uploads\\\/2022\\\/08\\\/toode-150x150.jpg\"},{\"@type\":\"BreadcrumbList\",\"@id\":\"https:\\\/\\\/loovfelt.com\\\/tooted\\\/#breadcrumb\",\"itemListElement\":[{\"@type\":\"ListItem\",\"position\":1,\"name\":\"Home\",\"item\":\"https:\\\/\\\/loovfelt.com\\\/\"},{\"@type\":\"ListItem\",\"position\":2,\"name\":\"Tooted\"}]},{\"@type\":\"WebSite\",\"@id\":\"https:\\\/\\\/loovfelt.com\\\/#website\",\"url\":\"https:\\\/\\\/loovfelt.com\\\/\",\"name\":\"Loovfelt\",\"description\":\"Lambavillast k\u00e4sit\u00f6\u00f6tooted\",\"publisher\":{\"@id\":\"https:\\\/\\\/loovfelt.com\\\/#organization\"},\"potentialAction\":[{\"@type\":\"SearchAction\",\"target\":{\"@type\":\"EntryPoint\",\"urlTemplate\":\"https:\\\/\\\/loovfelt.com\\\/?s={search_term_string}\"},\"query-input\":{\"@type\":\"PropertyValueSpecification\",\"valueRequired\":true,\"valueName\":\"search_term_string\"}}],\"inLanguage\":\"en-GB\"},{\"@type\":\"Organization\",\"@id\":\"https:\\\/\\\/loovfelt.com\\\/#organization\",\"name\":\"Loovup\",\"url\":\"https:\\\/\\\/loovfelt.com\\\/\",\"logo\":{\"@type\":\"ImageObject\",\"inLanguage\":\"en-GB\",\"@id\":\"https:\\\/\\\/loovfelt.com\\\/#\\\/schema\\\/logo\\\/image\\\/\",\"url\":\"https:\\\/\\\/loovfelt.com\\\/wp-content\\\/uploads\\\/2022\\\/03\\\/Loovup-pehme-taust-2.png\",\"contentUrl\":\"https:\\\/\\\/loovfelt.com\\\/wp-content\\\/uploads\\\/2022\\\/03\\\/Loovup-pehme-taust-2.png\",\"width\":1921,\"height\":1416,\"caption\":\"Loovup\"},\"image\":{\"@id\":\"https:\\\/\\\/loovfelt.com\\\/#\\\/schema\\\/logo\\\/image\\\/\"}}]}<\/script>\n<!-- \/ Yoast SEO plugin. -->","yoast_head_json":{"title":"Tooted - Loovfelt","robots":{"index":"index","follow":"follow","max-snippet":"max-snippet:-1","max-image-preview":"max-image-preview:large","max-video-preview":"max-video-preview:-1"},"canonical":"https:\/\/loovfelt.com\/en\/tooted\/","og_locale":"en_GB","og_type":"article","og_title":"Tooted - Loovfelt","og_url":"https:\/\/loovfelt.com\/en\/tooted\/","og_site_name":"Loovfelt","article_modified_time":"2023-12-13T11:07:57+00:00","og_image":[{"url":"https:\/\/loovfelt.com\/wp-content\/uploads\/2022\/08\/toode-150x150.jpg","type":"","width":"","height":""}],"twitter_card":"summary_large_image","schema":{"@context":"https:\/\/schema.org","@graph":[{"@type":"WebPage","@id":"https:\/\/loovfelt.com\/tooted\/","url":"https:\/\/loovfelt.com\/tooted\/","name":"Tooted - Loovfelt","isPartOf":{"@id":"https:\/\/loovfelt.com\/#website"},"primaryImageOfPage":{"@id":"https:\/\/loovfelt.com\/tooted\/#primaryimage"},"image":{"@id":"https:\/\/loovfelt.com\/tooted\/#primaryimage"},"thumbnailUrl":"https:\/\/loovfelt.com\/wp-content\/uploads\/2022\/08\/toode-150x150.jpg","datePublished":"2022-03-27T09:48:09+00:00","dateModified":"2023-12-13T11:07:57+00:00","breadcrumb":{"@id":"https:\/\/loovfelt.com\/tooted\/#breadcrumb"},"inLanguage":"en-GB","potentialAction":[{"@type":"ReadAction","target":["https:\/\/loovfelt.com\/tooted\/"]}]},{"@type":"ImageObject","inLanguage":"en-GB","@id":"https:\/\/loovfelt.com\/tooted\/#primaryimage","url":"https:\/\/loovfelt.com\/wp-content\/uploads\/2022\/08\/toode-150x150.jpg","contentUrl":"https:\/\/loovfelt.com\/wp-content\/uploads\/2022\/08\/toode-150x150.jpg"},{"@type":"BreadcrumbList","@id":"https:\/\/loovfelt.com\/tooted\/#breadcrumb","itemListElement":[{"@type":"ListItem","position":1,"name":"Home","item":"https:\/\/loovfelt.com\/"},{"@type":"ListItem","position":2,"name":"Tooted"}]},{"@type":"WebSite","@id":"https:\/\/loovfelt.com\/#website","url":"https:\/\/loovfelt.com\/","name":"Loovfelt","description":"Hand-felted home textiles","publisher":{"@id":"https:\/\/loovfelt.com\/#organization"},"potentialAction":[{"@type":"SearchAction","target":{"@type":"EntryPoint","urlTemplate":"https:\/\/loovfelt.com\/?s={search_term_string}"},"query-input":{"@type":"PropertyValueSpecification","valueRequired":true,"valueName":"search_term_string"}}],"inLanguage":"en-GB"},{"@type":"Organization","@id":"https:\/\/loovfelt.com\/#organization","name":"Loovup","url":"https:\/\/loovfelt.com\/","logo":{"@type":"ImageObject","inLanguage":"en-GB","@id":"https:\/\/loovfelt.com\/#\/schema\/logo\/image\/","url":"https:\/\/loovfelt.com\/wp-content\/uploads\/2022\/03\/Loovup-pehme-taust-2.png","contentUrl":"https:\/\/loovfelt.com\/wp-content\/uploads\/2022\/03\/Loovup-pehme-taust-2.png","width":1921,"height":1416,"caption":"Loovup"},"image":{"@id":"https:\/\/loovfelt.com\/#\/schema\/logo\/image\/"}}]}},"_links":{"self":[{"href":"https:\/\/loovfelt.com\/en\/wp-json\/wp\/v2\/pages\/1023","targetHints":{"allow":["GET"]}}],"collection":[{"href":"https:\/\/loovfelt.com\/en\/wp-json\/wp\/v2\/pages"}],"about":[{"href":"https:\/\/loovfelt.com\/en\/wp-json\/wp\/v2\/types\/page"}],"author":[{"embeddable":true,"href":"https:\/\/loovfelt.com\/en\/wp-json\/wp\/v2\/users\/1"}],"replies":[{"embeddable":true,"href":"https:\/\/loovfelt.com\/en\/wp-json\/wp\/v2\/comments?post=1023"}],"version-history":[{"count":5,"href":"https:\/\/loovfelt.com\/en\/wp-json\/wp\/v2\/pages\/1023\/revisions"}],"predecessor-version":[{"id":1218,"href":"https:\/\/loovfelt.com\/en\/wp-json\/wp\/v2\/pages\/1023\/revisions\/1218"}],"wp:attachment":[{"href":"https:\/\/loovfelt.com\/en\/wp-json\/wp\/v2\/media?parent=1023"}],"curies":[{"name":"wp","href":"https:\/\/api.w.org\/{rel}","templated":true}]}}